{"id":20707,"date":"2018-02-06T15:47:31","date_gmt":"2018-02-06T14:47:31","guid":{"rendered":"http:\/\/www.magali-willems.com\/?page_id=20707"},"modified":"2026-04-16T20:47:12","modified_gmt":"2026-04-16T18:47:12","slug":"pierres-fines","status":"publish","type":"page","link":"https:\/\/www.magali-willems.com\/fr\/pierres-fines\/","title":{"rendered":"Pierres fines"},"content":{"rendered":"<p>[vc_row full_width=\u00a0\u00bbstretch_row\u00a0\u00bb full_height=\u00a0\u00bbyes\u00a0\u00bb css_animation=\u00a0\u00bbfadeIn\u00a0\u00bb css=\u00a0\u00bb.vc_custom_1523532186487{margin-bottom: 75px !important;background-image: url(http:\/\/www.magali-willems.com\/wp-content\/uploads\/2018\/04\/pierre-chrysocolle-1-1.jpg?id=21389) !important;background-position: center !important;background-repeat: no-repeat !important;background-size: cover !important;}\u00a0\u00bb][vc_column width=\u00a0\u00bb2\/3&Prime; css=\u00a0\u00bb.vc_custom_1543263493581{background-color: rgba(79,65,53,0.4) !important;*background-color: rgb(79,65,53) !important;}\u00a0\u00bb][vc_column_text]<\/p>\n<h1><span style=\"color: #ffffff;\">Pierres fines<\/span><\/h1>\n<p>[\/vc_column_text][vc_column_text css=\u00a0\u00bb.vc_custom_1761598476818{border-radius: 35px !important;}\u00a0\u00bb]<br \/>\n<span style=\"color: #ffffff;\"><br \/>\nJe vous propose de d\u00e9couvrir des pierres aux couleurs fascinantes et aux formes \u00e9tonnantes : les malachites, azurites, cobaltites, chrysocolles toutes plus lumineuses les unes que les autres.<\/span>[\/vc_column_text][\/vc_column][vc_column width=\u00a0\u00bb1\/3&Prime;][\/vc_column][\/vc_row][vc_row][vc_column][vc_column_text]<\/p>\n<h2>Le min\u00e9ral et le bronze<\/h2>\n<p>[\/vc_column_text][\/vc_column][\/vc_row][vc_row css=\u00a0\u00bb.vc_custom_1484857863227{margin-bottom: 75px !important;}\u00a0\u00bb][vc_column width=\u00a0\u00bb1\/2&Prime;][vc_column_text]Associer le bronze au min\u00e9ral est tr\u00e8s agr\u00e9able. Certaines pierres fines en particulier, telles les malachites et la chrysocolle sont intimement li\u00e9es au cuivre qui est le composant principal du Bronze.<\/p>\n<p>La malachite contient du cuivre et la Chrysocolle est une pierre naturellement form\u00e9e par oxydation du cuivre.\u00a0 Etonnant non ?[\/vc_column_text][vc_single_image image=\u00a0\u00bb24051&Prime;][\/vc_column][vc_column width=\u00a0\u00bb1\/2&Prime;][vc_column_text]R\u00eave et Pierre : Dans ces mots se trouvent le contraste et l\u2019harmonie.<\/p>\n<p>Partons de la d\u00e9finition acad\u00e9mique de ces deux mots :<br \/>\n&#8211; Pierre : Mati\u00e8re min\u00e9rale solide, dure, qui forme l&rsquo;\u00e9corce terrestre.<br \/>\n&#8211; R\u00eave : Ce qui est produit par l&rsquo;imagination<\/p>\n<p>La pierre invite au r\u00eave en m\u00ealant ces contrastes de force ou fragilit\u00e9, de douceur ou de rugosit\u00e9 et ses couleurs bien s\u00fbr.<\/p>\n<p>Le r\u00eave est l\u00e9ger, impalpable, multicolore. Ainsi, une pierre peut nous emporter vers des paysages imaginaires et sans limites.<\/p>\n<p>Il semble que toutes les origines des mati\u00e8res min\u00e9rales se soient rencontr\u00e9es pour nous rappeler que la vie est belle depuis les temps les plus recul\u00e9s ; il suffit pour nous de d\u00e9couvrir et contempler.<\/p>\n<p>Certaines pierres fines sont tendres, douces au toucher, froides et rugueuses, cristallines, elles invitent au voyage, ouvrent la porte \u00e0 la cr\u00e9ation mais surtout \u00e0 leur mise beaut\u00e9 par le polissage.[\/vc_column_text][\/vc_column][\/vc_row][vc_row content_placement=\u00a0\u00bbmiddle\u00a0\u00bb css=\u00a0\u00bb.vc_custom_1484858913795{margin-bottom: 75px !important;}\u00a0\u00bb][vc_column width=\u00a0\u00bb1\/2&Prime; css=\u00a0\u00bb.vc_custom_1484858943591{padding-left: 35px !important;}\u00a0\u00bb][vc_single_image image=\u00a0\u00bb21292&Prime; img_size=\u00a0\u00bbfull\u00a0\u00bb alignment=\u00a0\u00bbcenter\u00a0\u00bb][\/vc_column][vc_column width=\u00a0\u00bb1\/2&Prime;][vc_single_image image=\u00a0\u00bb21293&Prime; img_size=\u00a0\u00bbfull\u00a0\u00bb alignment=\u00a0\u00bbcenter\u00a0\u00bb][\/vc_column][\/vc_row][vc_row css=\u00a0\u00bb.vc_custom_1484857886748{margin-bottom: 75px !important;}\u00a0\u00bb][vc_column][vc_single_image image=\u00a0\u00bb24663&Prime; img_size=\u00a0\u00bbfull\u00a0\u00bb][vc_column_text]<\/p>\n<h4 style=\"text-align: left;\"><strong>Elle dit qu&rsquo;elle vient de marcher alentours, que c&rsquo;est un beau pays, aux couleurs douces, aux pierres qui racontent. Que c&rsquo;est un pays de po\u00e8tes.<\/strong><\/h4>\n<p>[\/vc_column_text][vc_column_text]<\/p>\n<h6>Radeau \u2014 Antoine Choplin<\/h6>\n<p>[\/vc_column_text][\/vc_column][\/vc_row][vc_row full_width=\u00a0\u00bbstretch_row_content\u00a0\u00bb gap=\u00a0\u00bb35&Prime; equal_height=\u00a0\u00bbyes\u00a0\u00bb content_placement=\u00a0\u00bbmiddle\u00a0\u00bb css=\u00a0\u00bb.vc_custom_1484858516306{margin-bottom: 75px !important;padding-right: 5% !important;padding-left: 5% !important;}\u00a0\u00bb][vc_column width=\u00a0\u00bb1\/4&Prime;][\/vc_column][vc_column width=\u00a0\u00bb1\/2&Prime;][vc_single_image image=\u00a0\u00bb21296&Prime; img_size=\u00a0\u00bbfull\u00a0\u00bb alignment=\u00a0\u00bbcenter\u00a0\u00bb][vc_single_image image=\u00a0\u00bb22339&Prime; img_size=\u00a0\u00bbfull\u00a0\u00bb alignment=\u00a0\u00bbcenter\u00a0\u00bb][\/vc_column][vc_column width=\u00a0\u00bb1\/4&Prime;][\/vc_column][\/vc_row][vc_row css=\u00a0\u00bb.vc_custom_1484857881273{margin-bottom: 75px !important;}\u00a0\u00bb][vc_column][vc_column_text]<\/p>\n<h6 style=\"text-align: left;\">CONTACT<\/h6>\n<p>[\/vc_column_text][vc_column_text]<\/p>\n<p style=\"text-align: left;\">Magali Willems<br \/>\n29 rue Jean Laviquel<br \/>\n56890 Saint-Av\u00e9, France<\/p>\n<p style=\"text-align: left;\">Phone: +33 (0)6 32 21 56 56<br \/>\nEmail: <a href=\"mailto:contact@magali-willems.com\" target=\"_blank\" rel=\"noopener noreferrer\">contact@magali-willems.com<\/a><\/p>\n<p>[\/vc_column_text][vc_column_text][\/vc_column_text][\/vc_column][\/vc_row]<\/p>","protected":false},"excerpt":{"rendered":"<p>[vc_row full_width=\u00a0\u00bbstretch_row\u00a0\u00bb full_height=\u00a0\u00bbyes\u00a0\u00bb css_animation=\u00a0\u00bbfadeIn\u00a0\u00bb css=\u00a0\u00bb.vc_custom_1523532186487{margin-bottom: 75px !important;background-image: url(http:\/\/www.magali-willems.com\/wp-content\/uploads\/2018\/04\/pierre-chrysocolle-1-1.jpg?id=21389) !important;background-position: center !important;background-repeat: no-repeat !important;background-size: cover !important;}\u00a0\u00bb][vc_column width=\u00a0\u00bb2\/3&Prime; css=\u00a0\u00bb.vc_custom_1543263493581{background-color: rgba(79,65,53,0.4) !important;*background-color: rgb(79,65,53) !important;}\u00a0\u00bb][vc_column_text] Pierres fines [\/vc_column_text][vc_column_text css=\u00a0\u00bb.vc_custom_1761598476818{border-radius: 35px !important;}\u00a0\u00bb] Je vous propose de d\u00e9couvrir des pierres aux couleurs fascinantes et aux formes \u00e9tonnantes : les malachites, azurites, cobaltites, chrysocolles toutes plus lumineuses les unes que les autres.[\/vc_column_text][\/vc_column][vc_column [&hellip;]<\/p>\n","protected":false},"author":3665,"featured_media":0,"parent":0,"menu_order":0,"comment_status":"closed","ping_status":"closed","template":"page-boxed.php","meta":{"_exactmetrics_skip_tracking":false,"_exactmetrics_sitenote_active":false,"_exactmetrics_sitenote_note":"","_exactmetrics_sitenote_category":0,"_vp_format_video_url":"","_vp_image_focal_point":[]},"aioseo_notices":[],"_links":{"self":[{"href":"https:\/\/www.magali-willems.com\/fr\/wp-json\/wp\/v2\/pages\/20707"}],"collection":[{"href":"https:\/\/www.magali-willems.com\/fr\/wp-json\/wp\/v2\/pages"}],"about":[{"href":"https:\/\/www.magali-willems.com\/fr\/wp-json\/wp\/v2\/types\/page"}],"author":[{"embeddable":true,"href":"https:\/\/www.magali-willems.com\/fr\/wp-json\/wp\/v2\/users\/3665"}],"replies":[{"embeddable":true,"href":"https:\/\/www.magali-willems.com\/fr\/wp-json\/wp\/v2\/comments?post=20707"}],"version-history":[{"count":92,"href":"https:\/\/www.magali-willems.com\/fr\/wp-json\/wp\/v2\/pages\/20707\/revisions"}],"predecessor-version":[{"id":24984,"href":"https:\/\/www.magali-willems.com\/fr\/wp-json\/wp\/v2\/pages\/20707\/revisions\/24984"}],"wp:attachment":[{"href":"https:\/\/www.magali-willems.com\/fr\/wp-json\/wp\/v2\/media?parent=20707"}],"curies":[{"name":"wp","href":"https:\/\/api.w.org\/{rel}","templated":true}]}}