{"id":20691,"date":"2018-02-06T13:51:45","date_gmt":"2018-02-06T12:51:45","guid":{"rendered":"http:\/\/www.magali-willems.com\/?page_id=20691"},"modified":"2026-04-16T20:45:57","modified_gmt":"2026-04-16T18:45:57","slug":"bronze","status":"publish","type":"page","link":"https:\/\/www.magali-willems.com\/fr\/bronze\/","title":{"rendered":"Bronze"},"content":{"rendered":"<p>[vc_row full_width=\u00a0\u00bbstretch_row\u00a0\u00bb full_height=\u00a0\u00bbyes\u00a0\u00bb css_animation=\u00a0\u00bbfadeIn\u00a0\u00bb css=\u00a0\u00bb.vc_custom_1543264313534{margin-bottom: 75px !important;background: rgba(79,65,53,0.4) url(http:\/\/www.magali-willems.com\/wp-content\/uploads\/2018\/11\/p-bronze.jpg?id=22336) !important;background-position: center !important;background-repeat: no-repeat !important;background-size: cover !important;*background-color: rgb(79,65,53) !important;}\u00a0\u00bb][vc_column width=\u00a0\u00bb1\/2&Prime; css=\u00a0\u00bb.vc_custom_1543264390377{background-color: rgba(79,65,53,0.4) !important;*background-color: rgb(79,65,53) !important;}\u00a0\u00bb][vc_column_text]<\/p>\n<h1><span style=\"color: #ffffff;\">Bronze<\/span><\/h1>\n<p>[\/vc_column_text][vc_column_text]<span style=\"color: #ffffff;\"><br \/>\nTomb\u00e9e dans le creuset par hasard en Afrique,<br \/>\nJ\u2019aime les abeilles et leurs visites d\u00e8s que je travaille la cire,<br \/>\nJ\u2019utilise g\u00e9n\u00e9ralement un simple couteau pour la sculpter.<br \/>\nTotalement accro au parfum de cette m\u00eame cire,<br \/>\nEn extase devant la puissance du bronze en fusion,<br \/>\nJ\u2019adore casser le moule (d\u00e9cochage) pour d\u00e9couvrir ce tr\u00e9sor cach\u00e9 dans la terre brul\u00e9e<br \/>\nUn peu alchimiste dans mes potions d\u2019oxydations et de patines,<br \/>\nToujours en qu\u00eate d\u2019une nouvelle exp\u00e9rience,<br \/>\nJe suis passionn\u00e9e et curieuse de voir le r\u00e9sultat dans vos regards sur mes cr\u00e9ations.<\/span><\/p>\n<p>[\/vc_column_text][\/vc_column][vc_column width=\u00a0\u00bb1\/2&Prime;][\/vc_column][\/vc_row][vc_row][vc_column][vc_column_text]<\/p>\n<h2><b>Naissance d&rsquo;un bronze<\/b><\/h2>\n<p>[\/vc_column_text][\/vc_column][\/vc_row][vc_row css=\u00a0\u00bb.vc_custom_1484857863227{margin-bottom: 75px !important;}\u00a0\u00bb][vc_column][vc_column_text]Parler du bronze c&rsquo;est parler de La magie des arts du feu qui est fascinante. Voici, en images, les diff\u00e9rentes \u00e9tapes depuis la sculpture de la cire jusqu\u2019\u00e0 la patine. Environ 10 \u00e9tapes, toutes diff\u00e9rentes au cours desquelles la cr\u00e9ation en cire devient un joli bronze.[\/vc_column_text][\/vc_column][\/vc_row][vc_row content_placement=\u00a0\u00bbmiddle\u00a0\u00bb css=\u00a0\u00bb.vc_custom_1484858913795{margin-bottom: 75px !important;}\u00a0\u00bb][vc_column css=\u00a0\u00bb.vc_custom_1484858929720{padding-right: 35px !important;}\u00a0\u00bb][vc_single_image image=\u00a0\u00bb21282&Prime; img_size=\u00a0\u00bbfull\u00a0\u00bb][vc_single_image image=\u00a0\u00bb21283&Prime; img_size=\u00a0\u00bbfull\u00a0\u00bb alignment=\u00a0\u00bbright\u00a0\u00bb][\/vc_column][\/vc_row][vc_row css=\u00a0\u00bb.vc_custom_1484857886748{margin-bottom: 75px !important;}\u00a0\u00bb][vc_column][vc_column_text css=\u00a0\u00bb.vc_custom_1761624264326{padding-right: 0px !important;}\u00a0\u00bb]<\/p>\n<h4 style=\"text-align: center;\">L\u2019art est le plus s\u00fbr moyen de se soustraire aux exigences du monde et cependant il n\u2019y a pas de liaisons plus s\u00fbres que celles dont l\u2019art est le principe.<\/h4>\n<p>[\/vc_column_text][vc_column_text]<\/p>\n<h6>\u2014 Johann Wolfgang von Goethe<\/h6>\n<p>[\/vc_column_text][\/vc_column][\/vc_row][vc_row full_width=\u00a0\u00bbstretch_row_content\u00a0\u00bb gap=\u00a0\u00bb35&Prime; equal_height=\u00a0\u00bbyes\u00a0\u00bb content_placement=\u00a0\u00bbmiddle\u00a0\u00bb css=\u00a0\u00bb.vc_custom_1484858516306{margin-bottom: 75px !important;padding-right: 5% !important;padding-left: 5% !important;}\u00a0\u00bb][vc_column width=\u00a0\u00bb1\/4&Prime;][\/vc_column][vc_column width=\u00a0\u00bb1\/4&Prime;][vc_single_image image=\u00a0\u00bb21286&Prime; img_size=\u00a0\u00bbfull\u00a0\u00bb alignment=\u00a0\u00bbcenter\u00a0\u00bb][\/vc_column][vc_column width=\u00a0\u00bb1\/4&Prime;][vc_single_image image=\u00a0\u00bb21287&Prime; img_size=\u00a0\u00bbfull\u00a0\u00bb alignment=\u00a0\u00bbcenter\u00a0\u00bb][\/vc_column][vc_column width=\u00a0\u00bb1\/4&Prime;][\/vc_column][\/vc_row][vc_row css=\u00a0\u00bb.vc_custom_1484857881273{margin-bottom: 75px !important;}\u00a0\u00bb][vc_column width=\u00a0\u00bb1\/2&Prime;][vc_column_text]<\/p>\n<h6>CONTACT<\/h6>\n<p>[\/vc_column_text][vc_column_text]29 rue Jean Laviquel<br \/>\n56890 Saint-Av\u00e9,<br \/>\nFrance<\/p>\n<p>T\u00e9l\u00e9phone: +33 (0)6 32 21 56 56<br \/>\nEmail: <a href=\"mailto:contact@magali-willems.com\" target=\"_blank\" rel=\"noopener noreferrer\">contact@magali-willems.com<\/a>[\/vc_column_text][\/vc_column][\/vc_row]<\/p>","protected":false},"excerpt":{"rendered":"<p>[vc_row full_width=\u00a0\u00bbstretch_row\u00a0\u00bb full_height=\u00a0\u00bbyes\u00a0\u00bb css_animation=\u00a0\u00bbfadeIn\u00a0\u00bb css=\u00a0\u00bb.vc_custom_1543264313534{margin-bottom: 75px !important;background: rgba(79,65,53,0.4) url(http:\/\/www.magali-willems.com\/wp-content\/uploads\/2018\/11\/p-bronze.jpg?id=22336) !important;background-position: center !important;background-repeat: no-repeat !important;background-size: cover !important;*background-color: rgb(79,65,53) !important;}\u00a0\u00bb][vc_column width=\u00a0\u00bb1\/2&Prime; css=\u00a0\u00bb.vc_custom_1543264390377{background-color: rgba(79,65,53,0.4) !important;*background-color: rgb(79,65,53) !important;}\u00a0\u00bb][vc_column_text] Bronze [\/vc_column_text][vc_column_text] Tomb\u00e9e dans le creuset par hasard en Afrique, J\u2019aime les abeilles et leurs visites d\u00e8s que je travaille la cire, J\u2019utilise g\u00e9n\u00e9ralement un simple couteau pour la sculpter. Totalement [&hellip;]<\/p>\n","protected":false},"author":3665,"featured_media":0,"parent":0,"menu_order":0,"comment_status":"closed","ping_status":"closed","template":"page-boxed.php","meta":{"_exactmetrics_skip_tracking":false,"_exactmetrics_sitenote_active":false,"_exactmetrics_sitenote_note":"","_exactmetrics_sitenote_category":0,"_vp_format_video_url":"","_vp_image_focal_point":[]},"aioseo_notices":[],"_links":{"self":[{"href":"https:\/\/www.magali-willems.com\/fr\/wp-json\/wp\/v2\/pages\/20691"}],"collection":[{"href":"https:\/\/www.magali-willems.com\/fr\/wp-json\/wp\/v2\/pages"}],"about":[{"href":"https:\/\/www.magali-willems.com\/fr\/wp-json\/wp\/v2\/types\/page"}],"author":[{"embeddable":true,"href":"https:\/\/www.magali-willems.com\/fr\/wp-json\/wp\/v2\/users\/3665"}],"replies":[{"embeddable":true,"href":"https:\/\/www.magali-willems.com\/fr\/wp-json\/wp\/v2\/comments?post=20691"}],"version-history":[{"count":45,"href":"https:\/\/www.magali-willems.com\/fr\/wp-json\/wp\/v2\/pages\/20691\/revisions"}],"predecessor-version":[{"id":24983,"href":"https:\/\/www.magali-willems.com\/fr\/wp-json\/wp\/v2\/pages\/20691\/revisions\/24983"}],"wp:attachment":[{"href":"https:\/\/www.magali-willems.com\/fr\/wp-json\/wp\/v2\/media?parent=20691"}],"curies":[{"name":"wp","href":"https:\/\/api.w.org\/{rel}","templated":true}]}}