{"id":18225,"date":"2017-02-07T12:10:48","date_gmt":"2017-02-07T11:10:48","guid":{"rendered":"http:\/\/www.magali-willems.com\/?page_id=18225"},"modified":"2026-03-16T20:10:47","modified_gmt":"2026-03-16T19:10:47","slug":"mentions-legales","status":"publish","type":"page","link":"https:\/\/www.magali-willems.com\/fr\/mentions-legales\/","title":{"rendered":"MENTIONS L\u00c9GALES"},"content":{"rendered":"<p>[vc_row][vc_column][vc_column_text]<br \/>\nMentions l\u00e9gales<br \/>\n<strong>1. Pr\u00e9sentation du site web<\/strong><br \/>\nConform\u00e9ment \u00e0 la loi n\u00b0 2004-2005 du 21 juin 2004 pour la confiance dans l\u2019\u00e9conomie num\u00e9rique, notre site web cr\u00e9\u00e9 par l\u2019Agence Immersive Box, d\u00e9veloppeur du site www.magali-willems.com, met \u00e0 disposition du public les informations concernant ce site.<br \/>\n\u00c9ventuellement modifiables, nous vous invitons donc \u00e0 consulter nos mentions l\u00e9gales le plus souvent possible, de mani\u00e8re \u00e0 en prendre connaissance fr\u00e9quemment.<br \/>\nLe site www.magali-willems.com appartient \u00e0 Magali Willems \u2013 Responsable, dont le si\u00e8ge social est situ\u00e9 \u00e0 l\u2019adresse suivante : 29 rue Jean Laviquel 56890 Saint-Av\u00e9, France.<br \/>\nPersonne physique ou morale, Magali Willems est responsable de la publication, dont l\u2019adresse e-mail est la suivante : contact@magali-willems.com.<\/p>\n<p>Le site www.magali-willems.com est h\u00e9berg\u00e9 par OVH, dont le si\u00e8ge social est localis\u00e9 \u00e0 l\u2019adresse suivante : 2, Rue Kellermann 59100 Roubaix, France.<\/p>\n<p><strong>2. Conditions g\u00e9n\u00e9rales d\u2019utilisation du site et des services propos\u00e9s<\/strong><br \/>\nEn utilisant notre site web www.magali-willems.com, vous acceptez pleinement et enti\u00e8rement les conditions g\u00e9n\u00e9rales d\u2019utilisation pr\u00e9cis\u00e9es dans nos mentions l\u00e9gales. Accessible \u00e0 tout type de visiteurs, il est important de pr\u00e9ciser toutefois qu\u2019une interruption pour maintenance du site web peut-\u00eatre d\u00e9cid\u00e9e par Magali Willems.<\/p>\n<p><strong>3. Les produits propos\u00e9s par www.magali-willems.com<\/strong><br \/>\nEn accord avec sa politique de communication, le site www.magali-willems.com a pour vocation d\u2019informer les utilisateurs sur les oeuvres propos\u00e9es par Magali Willems. Cependant, des inexactitudes ou des omissions peuvent exister : la soci\u00e9t\u00e9 ne pourra en aucun cas \u00eatre tenue pour responsable pour toute erreur pr\u00e9sente sur le site www.magali-willems.com.<\/p>\n<p><strong>4. Limitations contractuelles<\/strong><br \/>\nLes informations retranscrites sur le site web www.magali-willems.com font l\u2019objet de d\u00e9marches qualitatives, en vue d&rsquo;en assurer leur fiabilit\u00e9. Cependant, nous ne pourrons encourir de responsabilit\u00e9s en cas d\u2019inexactitudes techniques lors de nos explications.<br \/>\nSi vous constatez une erreur concernant des informations que nous aurions pu omettre, n\u2019h\u00e9sitez pas \u00e0 nous le signaler par mail \u00e0 contact@magali-willems.com.<\/p>\n<p>Les liens reli\u00e9s directement ou indirectement \u00e0 notre site web www.magali-willems.com ne sont pas sous le contr\u00f4le de notre site. Par cons\u00e9quent, nous ne pouvons nous assurer de l\u2019exactitude des informations pr\u00e9sentes sur ces autres sites Internet.<br \/>\nUtilisant la technologie JavaScript, le site www.magali-willems.com ne pourra \u00eatre tenu pour responsable en cas de dommages mat\u00e9riels li\u00e9s \u00e0 son utilisation, ni par toute autre type de cons\u00e9quence li\u00e9e \u00e0 l\u2019exploitation du site www.magali-willems.com, qu\u2019elle soit direct ou indirecte (bug, incompatibilit\u00e9, virus, perte de march\u00e9, etc.).<\/p>\n<p><strong>5. Propri\u00e9t\u00e9 intellectuelle et contenu du site Internet<\/strong><\/p>\n<p style=\"font-weight: 400;\">Toutes les \u0153uvres visibles sur ce site : sculptures, photographies, textes, croquis sont des <strong>cr\u00e9ations originales prot\u00e9g\u00e9es<\/strong> <strong>par le Code de la propri\u00e9t\u00e9 intellectuelle (articles L.111-1 et suivants).<\/strong><\/p>\n<p style=\"font-weight: 400;\"><strong>Aucune reproduction, diffusion, publication, copie ou modification \u2013 m\u00eame partielle \u2013 n\u2019est autoris\u00e9e sans accord \u00e9crit pr\u00e9alable de l\u2019auteur.<\/strong><\/p>\n<p style=\"font-weight: 400;\"><strong>Toute utilisation non autoris\u00e9e (y compris sur Internet, r\u00e9seaux sociaux, blogs ou \u00e0 des fins commerciales) constitue une contrefa\u00e7on punie par la loi (article L.335-2 CPI).<\/strong><\/p>\n<p style=\"font-weight: 400;\">L\u2019auteur Magali Willems se r\u00e9serve le droit de poursuivre toute infraction, y compris pour publication en ligne ou inspiration abusive.<\/p>\n<p style=\"font-weight: 400;\">Le contenu r\u00e9dactionnel du site web www.magali-willems.com appartient exclusivement \u00e0 Magali Willems. Toute violation des droits d\u2019auteur est sanctionn\u00e9e par l\u2019article L.335-2 du Code de la Propri\u00e9t\u00e9 Intellectuelle, avec une peine encourue de 2 ans d\u2019emprisonnement et de 150 000\u20ac d\u2019amende.<br \/>\nLe site www.magali-willems.com ne pourra \u00eatre mis en cause en cas de propos injurieux, \u00e0 caract\u00e8re raciste, diffamant ou pornographique, \u00e9chang\u00e9s sur les espaces interactifs. Magali Willems se r\u00e9serve \u00e9galement le droit de supprimer tout contenu contraire aux valeurs de l\u2019affaire ou \u00e0 la l\u00e9gislation applicable en France.<br \/>\nEn naviguant sur le site www.magali-willems.com, l\u2019utilisateur accepte \u00e9galement l\u2019installation de cookies \u00e9ventuelle sur son ordinateur.<\/p>\n<p><strong>6. Donn\u00e9es personnelles, respect de votre vie priv\u00e9e et de vos libert\u00e9s<\/strong><br \/>\nToutes informations recueillies sur le site web www.magali-willems.com se font dans le cadre des besoins li\u00e9s \u00e0 l\u2019utilisation de notre plateforme, tel que le formulaire de contact.<br \/>\nMagali Willems s\u2019engage \u00e0 ne c\u00e9der en aucun cas les informations concernant les utilisateurs du site Internet, de quelque fa\u00e7on que ce soit (vente, \u00e9change, pr\u00eat, location, don).<br \/>\nConform\u00e9ment \u00e0 la loi \u00ab informatique et libert\u00e9s \u00bb du 6 janvier 1978 modifi\u00e9e en 2004, l\u2019utilisateur b\u00e9n\u00e9ficie d\u2019un droit d\u2019acc\u00e8s et de rectification aux informations le concernant, droit qu\u2019il peut exercer \u00e0 tout moment en adressant un mail \u00e0 l\u2019adresse contact@magali-willems.com, ou en effectuant sa demande par courrier, \u00e0 l\u2019adresse suivante : 29 Rue Jean Laviquel 56890 SAINT-AV\u00c9, France.<br \/>\n<strong><br \/>\n7. Droit applicable et lois concern\u00e9es<\/strong><br \/>\nSoumis au droit fran\u00e7ais, le site web www.magali-willems.com est encadr\u00e9 par la loi n\u00b0 2004-2005 du 21 juin 2004 pour la confiance dans l\u2019\u00e9conomie num\u00e9rique, l\u2019article L.335-2 du Code de la Propri\u00e9t\u00e9 Intellectuelle et la loi \u00ab informatique et libert\u00e9s \u00bb du 6 janvier 1978 modifi\u00e9e en 2004.[\/vc_column_text][\/vc_column][\/vc_row]<\/p>","protected":false},"excerpt":{"rendered":"<p>Mentions l\u00e9gales Magali-willems.com, Magali Willems artiste sculptrice \u00e0 Saint-Av\u00e9 -pi\u00e8ces uniques et num\u00e9rot\u00e9es -contact@magali-willems.com<\/p>\n","protected":false},"author":3665,"featured_media":0,"parent":0,"menu_order":0,"comment_status":"closed","ping_status":"closed","template":"","meta":{"_exactmetrics_skip_tracking":false,"_exactmetrics_sitenote_active":false,"_exactmetrics_sitenote_note":"","_exactmetrics_sitenote_category":0,"_vp_format_video_url":"","_vp_image_focal_point":[]},"aioseo_notices":[],"_links":{"self":[{"href":"https:\/\/www.magali-willems.com\/fr\/wp-json\/wp\/v2\/pages\/18225"}],"collection":[{"href":"https:\/\/www.magali-willems.com\/fr\/wp-json\/wp\/v2\/pages"}],"about":[{"href":"https:\/\/www.magali-willems.com\/fr\/wp-json\/wp\/v2\/types\/page"}],"author":[{"embeddable":true,"href":"https:\/\/www.magali-willems.com\/fr\/wp-json\/wp\/v2\/users\/3665"}],"replies":[{"embeddable":true,"href":"https:\/\/www.magali-willems.com\/fr\/wp-json\/wp\/v2\/comments?post=18225"}],"version-history":[{"count":23,"href":"https:\/\/www.magali-willems.com\/fr\/wp-json\/wp\/v2\/pages\/18225\/revisions"}],"predecessor-version":[{"id":24949,"href":"https:\/\/www.magali-willems.com\/fr\/wp-json\/wp\/v2\/pages\/18225\/revisions\/24949"}],"wp:attachment":[{"href":"https:\/\/www.magali-willems.com\/fr\/wp-json\/wp\/v2\/media?parent=18225"}],"curies":[{"name":"wp","href":"https:\/\/api.w.org\/{rel}","templated":true}]}}