{"id":22529,"date":"2019-01-15T12:26:40","date_gmt":"2019-01-15T11:26:40","guid":{"rendered":"http:\/\/www.magali-willems.com\/?page_id=22529"},"modified":"2026-04-12T08:14:45","modified_gmt":"2026-04-12T06:14:45","slug":"fr","status":"publish","type":"page","link":"https:\/\/www.magali-willems.com\/en\/","title":{"rendered":"Magali  Willems &#8211; Sculptrice &#8211; Bronzes Oeuvres uniques et Num\u00e9rot\u00e9es"},"content":{"rendered":"<p>[vc_row full_width=&#8221;stretch_row_content_no_spaces&#8221; css_animation=&#8221;fadeIn&#8221; css=&#8221;.vc_custom_1702537934255{margin-bottom: 75px !important;}&#8221;][vc_column]<style>\r\n\t\t\r\n\t\t\t\t\t\t.shortcode_getbowtied_slider .shortcode-slider-pagination .swiper-pagination-bullet.swiper-pagination-bullet-active:after\r\n\t\t\t\t\t\t{\r\n\t\t\t\t\t\t\tbackground-color: #000000;\r\n\t\t\t\t\t\t}\r\n\r\n\t\t\t\t\t<\/style>\r\n\t\t\r\n\t\t<div class=\"shortcode_getbowtied_slider swiper-container full_height\" style=\" width: 100%\" data-autoplay=\"3\">\r\n\t\t\t<div class=\"swiper-wrapper\">\r\n\t\t\t\r\n\t\t\t<div class=\"swiper-slide right-align\" \r\n\t\t\tstyle=\t\"background: #ffffff url(https:\/\/www.magali-willems.com\/wp-content\/uploads\/2023\/01\/IMG_0244-scaled.jpg) center center no-repeat ;\r\n\t\t\t\t\t-webkit-background-size: cover;\r\n\t\t\t\t\t-moz-background-size: cover;\r\n\t\t\t\t\t-o-background-size: cover;\r\n\t\t\t\t\tbackground-size: cover;\r\n\t\t\t\t\tcolor: #72201a\">\r\n\t\t\t\t\r\n\t\t\t\t<div class=\"slider-content\" data-swiper-parallax=\"-50%\">\r\n\t\t\t\t\t<div class=\"slider-content-wrapper\">\r\n\t\t\t\t\t\t<h1 class=\"primary_font\" style=\"color:#72201a; font-size:55px; line-height: 55px\">SCULPTURES<\/h1>\r\n\t\t\t\t\t\t<p class=\"primary_font\" style=\"color:#72201a; font-size:21px; line-height: 21px\">Bienvenue<\/p>\r\n\t\t\t\t\t\t\r\n\t\t\t\t\t<\/div>\r\n\t\t\t\t<\/div>\r\n\t\t\t<\/div>\r\n\t\t\t<div class=\"swiper-slide left-align\" \r\n\t\t\tstyle=\t\"background: #CCCCCC url(https:\/\/www.magali-willems.com\/wp-content\/uploads\/2019\/02\/page-bronze-web.jpg) center center no-repeat ;\r\n\t\t\t\t\t-webkit-background-size: cover;\r\n\t\t\t\t\t-moz-background-size: cover;\r\n\t\t\t\t\t-o-background-size: cover;\r\n\t\t\t\t\tbackground-size: cover;\r\n\t\t\t\t\tcolor: #72201a\">\r\n\t\t\t\t\r\n\t\t\t\t<div class=\"slider-content\" data-swiper-parallax=\"-50%\">\r\n\t\t\t\t\t<div class=\"slider-content-wrapper\">\r\n\t\t\t\t\t\t<h1 class=\"primary_font\" style=\"color:#72201a; font-size:50px; line-height: 50px\">OEUVRES UNIQUES<\/h1>\r\n\t\t\t\t\t\t\r\n\t\t\t\t\t\t\r\n\t\t\t\t\t<\/div>\r\n\t\t\t\t<\/div>\r\n\t\t\t<\/div>\r\n\t\t\t<div class=\"swiper-slide left-align\" \r\n\t\t\tstyle=\t\"background: #CCCCCC url(https:\/\/www.magali-willems.com\/wp-content\/uploads\/2023\/11\/IMG_8372-4.jpeg) center center no-repeat ;\r\n\t\t\t\t\t-webkit-background-size: cover;\r\n\t\t\t\t\t-moz-background-size: cover;\r\n\t\t\t\t\t-o-background-size: cover;\r\n\t\t\t\t\tbackground-size: cover;\r\n\t\t\t\t\tcolor: #490013\">\r\n\t\t\t\t\r\n\t\t\t\t<div class=\"slider-content\" data-swiper-parallax=\"-50%\">\r\n\t\t\t\t\t<div class=\"slider-content-wrapper\">\r\n\t\t\t\t\t\t<h1 class=\"primary_font\" style=\"color:#490013; font-size:50px; line-height: 50px\">MAGIE DES PATINES<\/h1>\r\n\t\t\t\t\t\t\r\n\t\t\t\t\t\t\r\n\t\t\t\t\t<\/div>\r\n\t\t\t\t<\/div>\r\n\t\t\t<\/div>\r\n\t\t\t<\/div>\r\n\t\t\t\t<div style=\"color: #000000\" class=\"swiper-button-prev\"><i class=\"spk-icon spk-icon-left-arrow-thin-large\"><\/i><\/div>\r\n    \t\t\t<div style=\"color: #000000\" class=\"swiper-button-next\"><i class=\"spk-icon spk-icon-right-arrow-thin-large\"><\/i><\/div>\r\n\t\t\t\t<div style=\"color: #000000\" class=\"shortcode-slider-pagination\"><\/div><\/div>[vc_empty_space height=&#8221;30px&#8221;][\/vc_column][\/vc_row][vc_row][vc_column][vc_empty_space][\/vc_column][vc_column][vc_column_text]<\/p>\n<p style=\"text-align: center;\"><span style=\"color: #ffffff;\"><strong>&#8220;Osez ! Car le &#8220;possible&#8221; n&#8217;est en fait qu&#8217;un tout petit pas apr\u00e8s l&#8217;impossible&#8221;. <\/strong><em>J.Salom\u00e9<\/em><\/span><\/p>\n<p>[\/vc_column_text][vc_column_text]<\/p>\n<h3 style=\"text-align: center;\">Derniers articles<\/h3>\n<p style=\"text-align: center;\">Blog<\/p>\n<p>[\/vc_column_text] \r\n    \r\n    <script>\r\n\tjQuery(document).ready(function($) {\r\n\t\tvar blog_slider = new Swiper(\"#from-the-blog-1994807746\", {\r\n\t\t\tslidesPerView: 3,\r\n\t\t\tbreakpoints: {\r\n\t\t\t\t640: {\r\n\t\t\t\t\tslidesPerView: 2,\r\n\t\t\t\t},\r\n\r\n\t\t\t\t480: {\r\n\t\t\t\t\tslidesPerView: 1,\r\n\t\t\t\t},\r\n\t\t\t}\r\n\t\t});\r\n\t});\r\n\t<\/script>\r\n    \r\n\t<div class=\"row\">\r\n    <div class=\"from-the-blog-wrapper\">\r\n\t\r\n        <div id=\"from-the-blog-1994807746\" class=\"swiper-container\">\r\n        <div class=\"swiper-wrapper\">\r\n\t\t\t\t\t\r\n\t\t\t                        \r\n                            \r\n                                        \r\n                    <div class=\"swiper-slide\">\r\n\r\n\t                    <div class=\"from_the_blog_item standard \">\r\n\t                        \r\n\t\t\t\t\t\t\t<a class=\"from_the_blog_link\" href=\"https:\/\/www.magali-willems.com\/en\/hermione\/\">\r\n\t\t\t\t\t\t\t\t<span class=\"from_the_blog_img_container\">\r\n\t\t\t\t\t\t\t\t\t<span class=\"from_the_blog_overlay\"><\/span>\r\n\t\t\t\t\t\t\t\t\t\r\n\t\t\t\t\t\t\t\t\t\t\t\t\t\t\t\t\t\t\t<span class=\"from_the_blog_img\" style=\"background-image: url(https:\/\/www.magali-willems.com\/wp-content\/uploads\/2017\/02\/Photoroom_20260421_120726-1200x1200.jpeg );\"><\/span>\r\n\t\t\t\t\t\t\t\t\t\t<span class=\"with_thumb_icon\"><\/span>\r\n\t\t\t\t\t\t\t\t\t\t\t\t\t\t\t\t\t\t\r\n\t\t\t\t\t\t\t\t\t\t\t\t\t\t\t\t\t\t\t<span class=\"from_the_blog_img\" style=\"background-image: url(https:\/\/www.magali-willems.com\/wp-content\/uploads\/2017\/02\/Photoroom_20260421_120726-1200x1200.jpeg );\"><\/span>\r\n\t\t\t\t\t\t\t\t\t\t<span class=\"with_thumb_icon\"><\/span>\r\n\t\t\t\t\t\t\t\t\t\t\t\t\t\t\t\t\t<\/span><!--.from_the_blog_img_container-->\r\n\t\t\t\t\t\t\t\t<span class=\"from_the_blog_title\" href=\"https:\/\/www.magali-willems.com\/en\/hermione\/\">Hermione<\/span>\r\n\t\t\t\t\t\t\t<\/a>\r\n\t                        \r\n\t                        <div class=\"from_the_blog_content\">\r\n\t                            <div class=\"post_meta_archive\"> by <a class=\"url fn n\" href=\"https:\/\/www.magali-willems.com\/en\/author\/admin-2\/\" title=\"View all posts by Magali Willems\" rel=\"author\">Magali Willems<\/a> on <a href=\"https:\/\/www.magali-willems.com\/en\/hermione\/\" title=\"Permalink to Hermione\" rel=\"bookmark\"><time class=\"entry-date\" datetime=\"2026-04-20T00:06:14+00:00\">Monday April 20th, 2026<\/time><\/a><\/div>                       \r\n\t                        <\/div>\r\n\t                        \r\n\t                    <\/div>\r\n\r\n                    <\/div>\r\n        \r\n                            \r\n                                        \r\n                    <div class=\"swiper-slide\">\r\n\r\n\t                    <div class=\"from_the_blog_item standard \">\r\n\t                        \r\n\t\t\t\t\t\t\t<a class=\"from_the_blog_link\" href=\"https:\/\/www.magali-willems.com\/en\/2025-florilege-de-jolis-moments\/\">\r\n\t\t\t\t\t\t\t\t<span class=\"from_the_blog_img_container\">\r\n\t\t\t\t\t\t\t\t\t<span class=\"from_the_blog_overlay\"><\/span>\r\n\t\t\t\t\t\t\t\t\t\r\n\t\t\t\t\t\t\t\t\t\t\t\t\t\t\t\t\t\t\t<span class=\"from_the_blog_img\" style=\"background-image: url(https:\/\/www.magali-willems.com\/wp-content\/uploads\/2025\/12\/IMG_1165-1200x740.jpeg );\"><\/span>\r\n\t\t\t\t\t\t\t\t\t\t<span class=\"with_thumb_icon\"><\/span>\r\n\t\t\t\t\t\t\t\t\t\t\t\t\t\t\t\t\t\t\r\n\t\t\t\t\t\t\t\t\t\t\t\t\t\t\t\t\t\t\t<span class=\"from_the_blog_img\" style=\"background-image: url(https:\/\/www.magali-willems.com\/wp-content\/uploads\/2025\/12\/IMG_1165-1200x740.jpeg );\"><\/span>\r\n\t\t\t\t\t\t\t\t\t\t<span class=\"with_thumb_icon\"><\/span>\r\n\t\t\t\t\t\t\t\t\t\t\t\t\t\t\t\t\t<\/span><!--.from_the_blog_img_container-->\r\n\t\t\t\t\t\t\t\t<span class=\"from_the_blog_title\" href=\"https:\/\/www.magali-willems.com\/en\/2025-florilege-de-jolis-moments\/\">2025&#8230; The very best of !<\/span>\r\n\t\t\t\t\t\t\t<\/a>\r\n\t                        \r\n\t                        <div class=\"from_the_blog_content\">\r\n\t                            <div class=\"post_meta_archive\"> by <a class=\"url fn n\" href=\"https:\/\/www.magali-willems.com\/en\/author\/admin-2\/\" title=\"View all posts by Magali Willems\" rel=\"author\">Magali Willems<\/a> on <a href=\"https:\/\/www.magali-willems.com\/en\/2025-florilege-de-jolis-moments\/\" title=\"Permalink to 2025&#8230; The very best of !\" rel=\"bookmark\"><time class=\"entry-date\" datetime=\"2025-12-14T15:31:56+00:00\">Sunday December 14th, 2025<\/time><\/a><\/div>                       \r\n\t                        <\/div>\r\n\t                        \r\n\t                    <\/div>\r\n\r\n                    <\/div>\r\n        \r\n                            \r\n                                        \r\n                    <div class=\"swiper-slide\">\r\n\r\n\t                    <div class=\"from_the_blog_item standard \">\r\n\t                        \r\n\t\t\t\t\t\t\t<a class=\"from_the_blog_link\" href=\"https:\/\/www.magali-willems.com\/en\/grand-prix-de-la-s-p-a-f\/\">\r\n\t\t\t\t\t\t\t\t<span class=\"from_the_blog_img_container\">\r\n\t\t\t\t\t\t\t\t\t<span class=\"from_the_blog_overlay\"><\/span>\r\n\t\t\t\t\t\t\t\t\t\r\n\t\t\t\t\t\t\t\t\t\t\t\t\t\t\t\t\t\t\t<span class=\"from_the_blog_img\" style=\"background-image: url(https:\/\/www.magali-willems.com\/wp-content\/uploads\/2025\/09\/IMG_3270-1200x900.jpeg );\"><\/span>\r\n\t\t\t\t\t\t\t\t\t\t<span class=\"with_thumb_icon\"><\/span>\r\n\t\t\t\t\t\t\t\t\t\t\t\t\t\t\t\t\t\t\r\n\t\t\t\t\t\t\t\t\t\t\t\t\t\t\t\t\t\t\t<span class=\"from_the_blog_img\" style=\"background-image: url(https:\/\/www.magali-willems.com\/wp-content\/uploads\/2025\/09\/IMG_3270-1200x900.jpeg );\"><\/span>\r\n\t\t\t\t\t\t\t\t\t\t<span class=\"with_thumb_icon\"><\/span>\r\n\t\t\t\t\t\t\t\t\t\t\t\t\t\t\t\t\t<\/span><!--.from_the_blog_img_container-->\r\n\t\t\t\t\t\t\t\t<span class=\"from_the_blog_title\" href=\"https:\/\/www.magali-willems.com\/en\/grand-prix-de-la-s-p-a-f\/\">Grand Prix de la S.P.A.F<\/span>\r\n\t\t\t\t\t\t\t<\/a>\r\n\t                        \r\n\t                        <div class=\"from_the_blog_content\">\r\n\t                            <div class=\"post_meta_archive\"> by <a class=\"url fn n\" href=\"https:\/\/www.magali-willems.com\/en\/author\/admin-2\/\" title=\"View all posts by Magali Willems\" rel=\"author\">Magali Willems<\/a> on <a href=\"https:\/\/www.magali-willems.com\/en\/grand-prix-de-la-s-p-a-f\/\" title=\"Permalink to Grand Prix de la S.P.A.F\" rel=\"bookmark\"><time class=\"entry-date\" datetime=\"2025-09-28T20:28:09+00:00\">Sunday September 28th, 2025<\/time><\/a><\/div>                       \r\n\t                        <\/div>\r\n\t                        \r\n\t                    <\/div>\r\n\r\n                    <\/div>\r\n        \r\n                                \r\n             \r\n              \r\n        <\/div>\r\n        <\/div>\r\n\r\n\t<\/div>\r\n    <\/div>\r\n\t\r\n\t[vc_empty_space height=&#8221;64px&#8221;][vc_column_text]<span style=\"color: #ffffff;\">Toutes les oeuvres visibles sur ce site : sculptures, photographies, textes et croquis sans restriction, sont des oeuvres originales prot\u00e9g\u00e9es par le code de la protection intellectuelle (article L111-1 et suivants). \u00a0Aucune reproduction, diffusion, publication, copie ou modification &#8211; m\u00eame partielle &#8211; ne sont autoris\u00e9es sans accord pr\u00e9alable \u00e9crit de l&#8217;auteur .<\/span>[\/vc_column_text][\/vc_column][\/vc_row][vc_row css_animation=&#8221;fadeIn&#8221; css=&#8221;.vc_custom_1487082424634{margin-bottom: 75px !important;}&#8221;][vc_column][vc_column_text css=&#8221;.vc_custom_1772700026777{margin-bottom: 75px !important;}&#8221;]<\/p>\n<h3 style=\"text-align: center;\">Contact<\/h3>\n<p style=\"text-align: center;\">Magali Willems<br \/>\n29 Rue Jean Laviquel<br \/>\n56890 Saint-Av\u00e9, France<\/p>\n<p style=\"text-align: center;\">T\u00e9l\u00e9phone: +33 (0)6 32 21 56 56<br \/>\nEmail: <a href=\"mailto:contact@magali-willems.com\" target=\"_blank\" rel=\"noopener noreferrer\">contact@magali-willems.com<\/a>[\/vc_column_text][\/vc_column][\/vc_row]<\/p>\n","protected":false},"excerpt":{"rendered":"<p>[vc_row full_width=&#8221;stretch_row_content_no_spaces&#8221; css_animation=&#8221;fadeIn&#8221; css=&#8221;.vc_custom_1702537934255{margin-bottom: 75px !important;}&#8221;][vc_column][vc_empty_space height=&#8221;30px&#8221;][\/vc_column][\/vc_row][vc_row][vc_column][vc_empty_space][\/vc_column][vc_column][vc_column_text] &#8220;Osez ! Car le &#8220;possible&#8221; n&#8217;est en fait qu&#8217;un tout petit pas apr\u00e8s l&#8217;impossible&#8221;. J.Salom\u00e9 [\/vc_column_text][vc_column_text] Derniers articles Blog [\/vc_column_text][vc_empty_space height=&#8221;64px&#8221;][vc_column_text]Toutes les oeuvres visibles sur ce site : sculptures, photographies, textes et croquis sans restriction, sont des oeuvres originales prot\u00e9g\u00e9es par le code de la protection intellectuelle (article [&hellip;]<\/p>\n","protected":false},"author":3665,"featured_media":0,"parent":0,"menu_order":0,"comment_status":"closed","ping_status":"closed","template":"page-full-width.php","meta":{"_exactmetrics_skip_tracking":false,"_exactmetrics_sitenote_active":false,"_exactmetrics_sitenote_note":"","_exactmetrics_sitenote_category":0,"_vp_format_video_url":"","_vp_image_focal_point":[]},"aioseo_notices":[],"_links":{"self":[{"href":"https:\/\/www.magali-willems.com\/en\/wp-json\/wp\/v2\/pages\/22529"}],"collection":[{"href":"https:\/\/www.magali-willems.com\/en\/wp-json\/wp\/v2\/pages"}],"about":[{"href":"https:\/\/www.magali-willems.com\/en\/wp-json\/wp\/v2\/types\/page"}],"author":[{"embeddable":true,"href":"https:\/\/www.magali-willems.com\/en\/wp-json\/wp\/v2\/users\/3665"}],"replies":[{"embeddable":true,"href":"https:\/\/www.magali-willems.com\/en\/wp-json\/wp\/v2\/comments?post=22529"}],"version-history":[{"count":127,"href":"https:\/\/www.magali-willems.com\/en\/wp-json\/wp\/v2\/pages\/22529\/revisions"}],"predecessor-version":[{"id":24980,"href":"https:\/\/www.magali-willems.com\/en\/wp-json\/wp\/v2\/pages\/22529\/revisions\/24980"}],"wp:attachment":[{"href":"https:\/\/www.magali-willems.com\/en\/wp-json\/wp\/v2\/media?parent=22529"}],"curies":[{"name":"wp","href":"https:\/\/api.w.org\/{rel}","templated":true}]}}