{"id":20707,"date":"2018-02-06T15:47:31","date_gmt":"2018-02-06T14:47:31","guid":{"rendered":"http:\/\/www.magali-willems.com\/?page_id=20707"},"modified":"2026-04-16T20:47:12","modified_gmt":"2026-04-16T18:47:12","slug":"pierres-fines","status":"publish","type":"page","link":"https:\/\/www.magali-willems.com\/en\/pierres-fines\/","title":{"rendered":"Fine stones"},"content":{"rendered":"<p>[vc_row full_width=&#8221;stretch_row&#8221; full_height=&#8221;yes&#8221; css_animation=&#8221;fadeIn&#8221; css=&#8221;.vc_custom_1523532186487{margin-bottom: 75px !important;background-image: url(http:\/\/www.magali-willems.com\/wp-content\/uploads\/2018\/04\/pierre-chrysocolle-1-1.jpg?id=21389) !important;background-position: center !important;background-repeat: no-repeat !important;background-size: cover !important;}&#8221;][vc_column width=&#8221;2\/3&#8243; css=&#8221;.vc_custom_1543263493581{background-color: rgba(79,65,53,0.4) !important;*background-color: rgb(79,65,53) !important;}&#8221;][vc_column_text]<\/p>\n<h1><span style=\"color: #ffffff;\">Pierre fine<\/span><\/h1>\n<p>[\/vc_column_text][\/vc_column][vc_column width=&#8221;1\/3&#8243;][\/vc_column][\/vc_row][vc_row][vc_column][vc_column_text]<\/p>\n<h2>R\u00eave de pierre<\/h2>\n<p>[\/vc_column_text][\/vc_column][\/vc_row][vc_row css=&#8221;.vc_custom_1484857863227{margin-bottom: 75px !important;}&#8221;][vc_column width=&#8221;1\/2&#8243;][vc_column_text]Dans ces deux mots se trouvent \u00a0le contraste et l\u2019harmonie.<\/p>\n<p>R\u00eave\u00a0: l\u00e9ger, impalpable, multicolore qui nous emporte vers des paysages imaginaires et sans limites.<\/p>\n<p>Pierre\u00a0: Force et fragilit\u00e9, douceur et rugosit\u00e9\u00a0; On dirait que toutes les origines des mati\u00e8res min\u00e9rales se sont rencontr\u00e9es pour nous rappeler que la vie est belle depuis les temps les plus recul\u00e9s, il suffit pour nous de d\u00e9couvrir et contempler.[\/vc_column_text][\/vc_column][vc_column width=&#8221;1\/2&#8243;][vc_column_text]Certaines pierres sont tendres, douces au toucher, froides et rugueuses, cristallines, elles invitent au voyage, ouvrent la porte \u00e0 la cr\u00e9ation mais surtout \u00e0 leur mise beaut\u00e9 par le polissage.[\/vc_column_text][\/vc_column][\/vc_row][vc_row content_placement=&#8221;middle&#8221; css=&#8221;.vc_custom_1484858913795{margin-bottom: 75px !important;}&#8221;][vc_column width=&#8221;1\/2&#8243; css=&#8221;.vc_custom_1484858943591{padding-left: 35px !important;}&#8221;][vc_single_image image=&#8221;21292&#8243; img_size=&#8221;full&#8221; alignment=&#8221;center&#8221;][\/vc_column][vc_column width=&#8221;1\/2&#8243;][vc_single_image image=&#8221;21293&#8243; img_size=&#8221;full&#8221; alignment=&#8221;center&#8221;][\/vc_column][\/vc_row][vc_row css=&#8221;.vc_custom_1484857886748{margin-bottom: 75px !important;}&#8221;][vc_column][vc_single_image image=&#8221;1047&#8243; img_size=&#8221;full&#8221;][vc_column_text]<\/p>\n<h2 style=\"text-align: left;\"><strong>Elle dit qu&#8217;elle vient de marcher alentour, que c&#8217;est un beau pays, aux couleurs douces, aux pierres qui racontent. Que c&#8217;est un pays de po\u00e8tes.<\/strong><\/h2>\n<p>[\/vc_column_text][vc_column_text]<\/p>\n<h6>Radeau \u2014 Antoine Choplin<\/h6>\n<p>[\/vc_column_text][\/vc_column][\/vc_row][vc_row full_width=&#8221;stretch_row_content&#8221; gap=&#8221;35&#8243; equal_height=&#8221;yes&#8221; content_placement=&#8221;middle&#8221; css=&#8221;.vc_custom_1484858516306{margin-bottom: 75px !important;padding-right: 5% !important;padding-left: 5% !important;}&#8221;][vc_column width=&#8221;1\/4&#8243;][\/vc_column][vc_column width=&#8221;1\/2&#8243;][vc_single_image image=&#8221;21296&#8243; img_size=&#8221;full&#8221; alignment=&#8221;center&#8221;][\/vc_column][vc_column width=&#8221;1\/4&#8243;][\/vc_column][\/vc_row][vc_row css=&#8221;.vc_custom_1484857881273{margin-bottom: 75px !important;}&#8221;][vc_column][vc_column_text]<\/p>\n<h6 style=\"text-align: left;\">CONTACT<\/h6>\n<p>[\/vc_column_text][vc_column_text]<\/p>\n<p style=\"text-align: left;\">Magali Willems<br \/>\n4, All\u00e9e des Hirondelles,<br \/>\n56890 Meucon, France<\/p>\n<p style=\"text-align: left;\">Phone: +33 (0)6 32 21 56 56<br \/>\nEmail: <a href=\"mailto:contact@magali-willems.com\" target=\"_blank\" rel=\"noopener noreferrer\">contact@magali-willems.com<\/a>[\/vc_column_text][vc_column_text][\/vc_column_text][\/vc_column][\/vc_row]<\/p>\n<p><\/p>","protected":false},"excerpt":{"rendered":"<p>[vc_row full_width=&#8221;stretch_row&#8221; full_height=&#8221;yes&#8221; css_animation=&#8221;fadeIn&#8221; css=&#8221;.vc_custom_1523532186487{margin-bottom: 75px !important;background-image: url(http:\/\/www.magali-willems.com\/wp-content\/uploads\/2018\/04\/pierre-chrysocolle-1-1.jpg?id=21389) !important;background-position: center !important;background-repeat: no-repeat !important;background-size: cover !important;}&#8221;][vc_column width=&#8221;2\/3&#8243; css=&#8221;.vc_custom_1543263493581{background-color: rgba(79,65,53,0.4) !important;*background-color: rgb(79,65,53) !important;}&#8221;][vc_column_text] Pierre fine [\/vc_column_text][\/vc_column][vc_column width=&#8221;1\/3&#8243;][\/vc_column][\/vc_row][vc_row][vc_column][vc_column_text] R\u00eave de pierre [\/vc_column_text][\/vc_column][\/vc_row][vc_row css=&#8221;.vc_custom_1484857863227{margin-bottom: 75px !important;}&#8221;][vc_column width=&#8221;1\/2&#8243;][vc_column_text]Dans ces deux mots se trouvent \u00a0le contraste et l\u2019harmonie. R\u00eave\u00a0: l\u00e9ger, impalpable, multicolore qui nous emporte vers des paysages imaginaires et sans [&hellip;]<\/p>\n","protected":false},"author":3665,"featured_media":0,"parent":0,"menu_order":0,"comment_status":"closed","ping_status":"closed","template":"page-boxed.php","meta":{"_exactmetrics_skip_tracking":false,"_exactmetrics_sitenote_active":false,"_exactmetrics_sitenote_note":"","_exactmetrics_sitenote_category":0,"_vp_format_video_url":"","_vp_image_focal_point":[]},"aioseo_notices":[],"_links":{"self":[{"href":"https:\/\/www.magali-willems.com\/en\/wp-json\/wp\/v2\/pages\/20707"}],"collection":[{"href":"https:\/\/www.magali-willems.com\/en\/wp-json\/wp\/v2\/pages"}],"about":[{"href":"https:\/\/www.magali-willems.com\/en\/wp-json\/wp\/v2\/types\/page"}],"author":[{"embeddable":true,"href":"https:\/\/www.magali-willems.com\/en\/wp-json\/wp\/v2\/users\/3665"}],"replies":[{"embeddable":true,"href":"https:\/\/www.magali-willems.com\/en\/wp-json\/wp\/v2\/comments?post=20707"}],"version-history":[{"count":92,"href":"https:\/\/www.magali-willems.com\/en\/wp-json\/wp\/v2\/pages\/20707\/revisions"}],"predecessor-version":[{"id":24984,"href":"https:\/\/www.magali-willems.com\/en\/wp-json\/wp\/v2\/pages\/20707\/revisions\/24984"}],"wp:attachment":[{"href":"https:\/\/www.magali-willems.com\/en\/wp-json\/wp\/v2\/media?parent=20707"}],"curies":[{"name":"wp","href":"https:\/\/api.w.org\/{rel}","templated":true}]}}